{"id":111,"date":"2020-03-02T14:58:33","date_gmt":"2020-03-02T13:58:33","guid":{"rendered":"http:\/\/strony.home.pl\/zielinski\/?page_id=111"},"modified":"2024-11-04T17:33:18","modified_gmt":"2024-11-04T16:33:18","slug":"wielorodzinne","status":"publish","type":"page","link":"https:\/\/architekt-poznan.com\/index.php\/wielorodzinne\/","title":{"rendered":"Wielorodzinne"},"content":{"rendered":"<p>[et_pb_section fb_built=&#8221;1&#8243; admin_label=&#8221;Other Recent Works Section&#8221; _builder_version=&#8221;4.0.5&#8243; background_color=&#8221;#353740&#8243; background_image=&#8221;http:\/\/strony.home.pl\/zielinski\/wp-content\/uploads\/2020\/03\/architekt-poznan-1-scaled.jpg&#8221; custom_margin=&#8221;|||&#8221; custom_padding=&#8221;8%||2%||false|false&#8221;][et_pb_row column_structure=&#8221;2_3,1_3&#8243; admin_label=&#8221;About Us Area&#8221; _builder_version=&#8221;4.0.5&#8243; background_size=&#8221;initial&#8221; background_position=&#8221;top_left&#8221; background_repeat=&#8221;repeat&#8221; custom_margin=&#8221;||0px||false|false&#8221; custom_padding=&#8221;27px|0px|0px|0px|false|false&#8221;][et_pb_column type=&#8221;2_3&#8243; _builder_version=&#8221;3.25&#8243; custom_padding=&#8221;|||&#8221; custom_padding__hover=&#8221;|||&#8221;][et_pb_text admin_label=&#8221;Title&#8221; _builder_version=&#8221;4.0.5&#8243; text_font=&#8221;Montserrat||||||||&#8221; text_text_color=&#8221;#747d88&#8243; text_font_size=&#8221;17px&#8221; text_line_height=&#8221;1.9em&#8221; header_font=&#8221;||||||||&#8221; header_text_align=&#8221;left&#8221; header_2_font=&#8221;Montserrat|700||on|||||&#8221; header_2_font_size=&#8221;42px&#8221; header_2_line_height=&#8221;1.3em&#8221; background_color=&#8221;#f7f7f7&#8243; background_size=&#8221;initial&#8221; background_position=&#8221;top_left&#8221; background_repeat=&#8221;repeat&#8221; max_width=&#8221;700px&#8221; module_alignment=&#8221;left&#8221; custom_margin=&#8221;|||&#8221; custom_padding=&#8221;10%|10%|10%|10%&#8221; animation_style=&#8221;slide&#8221; animation_direction=&#8221;bottom&#8221; animation_intensity_slide=&#8221;4%&#8221; animation_starting_opacity=&#8221;100%&#8221; box_shadow_style=&#8221;preset1&#8243; box_shadow_vertical=&#8221;15px&#8221; box_shadow_blur=&#8221;45px&#8221; box_shadow_color=&#8221;rgba(0,0,0,0.15)&#8221; locked=&#8221;off&#8221;]<\/p>\n<h1 style=\"font-size: 2.5em; font-weight: bold; text-transform: uppercase; letter-spacing: 0.05em;\">Wielorodzinne<\/h1>\n<p>Propozycja mojego biura projektowego w Poznaniu to r\u00f3wnie\u017c oferta skierowana do deweloper\u00f3w, poszukuj\u0105cych projekt\u00f3w do budowy osiedli mieszkaniowych.<\/p>\n<p>[\/et_pb_text][\/et_pb_column][et_pb_column type=&#8221;1_3&#8243; _builder_version=&#8221;3.25&#8243; custom_padding=&#8221;|||&#8221; custom_padding__hover=&#8221;|||&#8221;][\/et_pb_column][\/et_pb_row][\/et_pb_section][et_pb_section fb_built=&#8221;1&#8243; admin_label=&#8221;Other Recent Works Section&#8221; _builder_version=&#8221;3.22&#8243; background_color=&#8221;#353740&#8243; custom_margin=&#8221;|||&#8221; custom_padding=&#8221;60px||60px||true|&#8221;][et_pb_row column_structure=&#8221;1_2,1_4,1_4&#8243; _builder_version=&#8221;4.0.5&#8243; background_size=&#8221;initial&#8221; background_position=&#8221;top_left&#8221; background_repeat=&#8221;repeat&#8221;][et_pb_column type=&#8221;1_2&#8243; _builder_version=&#8221;3.25&#8243; custom_padding=&#8221;|||&#8221; custom_padding__hover=&#8221;|||&#8221;][et_pb_text _builder_version=&#8221;4.0.5&#8243; text_font=&#8221;Montserrat||||||||&#8221; text_text_color=&#8221;#b7b7b7&#8243; text_font_size=&#8221;17px&#8221; text_line_height=&#8221;1.8em&#8221; header_font=&#8221;||||||||&#8221; header_3_font=&#8221;Montserrat||||||||&#8221; header_3_line_height=&#8221;1.5em&#8221; background_size=&#8221;initial&#8221; background_position=&#8221;top_left&#8221; background_repeat=&#8221;repeat&#8221; max_width=&#8221;700px&#8221; module_alignment=&#8221;center&#8221; custom_margin=&#8221;0px||||false|false&#8221; animation_style=&#8221;fade&#8221; animation_direction=&#8221;top&#8221;]<\/p>\n<p>Dost\u0119pne w mojej pracowni projekty dom\u00f3w wielorodzinnych r\u00f3\u017cni\u0105 si\u0119 pod wzgl\u0119dem powierzchni, stylu i typu zabudowy oraz funkcjonalno\u015bci. S\u0105 to projekty wielokondygnacyjne i wielomieszkaniowe, przeznaczone na wi\u0119ksze inwestycje deweloperskie. Wszystkie tego typu inwestycje, opracowywane s\u0105 z trosk\u0105 o komfort i wygod\u0119 przysz\u0142ych mieszka\u0144c\u00f3w i w pe\u0142ni zgodne z najnowszymi przepisami dotycz\u0105cymi zamieszkania zbiorowego.<\/p>\n<p><strong>Zapraszam do kontaktu<\/strong><br \/><strong>Adam Zieli\u0144ski<\/strong><br \/><strong>Architekt<\/strong><\/p>\n<p>[\/et_pb_text][\/et_pb_column][et_pb_column type=&#8221;1_4&#8243; _builder_version=&#8221;3.25&#8243; custom_padding=&#8221;|||&#8221; custom_padding__hover=&#8221;|||&#8221;][et_pb_image src=&#8221;https:\/\/architekt-poznan.com\/wp-content\/uploads\/2021\/02\/zanda-27.jpg&#8221; alt=&#8221;wielorodzinne &#8211; zanda 27&#8243; title_text=&#8221;zanda 27&#8243; url=&#8221;https:\/\/photos.app.goo.gl\/NyHb5Gj6W3KdNeQv6&#8243; _builder_version=&#8221;4.6.0&#8243; custom_margin=&#8221;||50px||false|false&#8221; filter_saturate=&#8221;0%&#8221; animation_style=&#8221;slide&#8221; filter_saturate__hover_enabled=&#8221;on|desktop&#8221; transform_styles__hover_enabled=&#8221;on|hover&#8221; transform_scale__hover_enabled=&#8221;on|hover&#8221; transform_translate__hover_enabled=&#8221;on|desktop&#8221; transform_rotate__hover_enabled=&#8221;on|desktop&#8221; transform_skew__hover_enabled=&#8221;on|desktop&#8221; transform_origin__hover_enabled=&#8221;on|desktop&#8221; transform_scale__hover=&#8221;105%|105%&#8221; filter_saturate__hover=&#8221;100%&#8221;][\/et_pb_image][et_pb_image src=&#8221;http:\/\/strony.home.pl\/zielinski\/wp-content\/uploads\/2020\/03\/zanda-18-1.jpg&#8221; alt=&#8221;wielorodzinne &#8211; zanda 18-1&#8243; url=&#8221;https:\/\/photos.google.com\/share\/AF1QipN689QlOLqHKWtvKEZK-3-uBJDWxkjXbKltlOvkhedCaCTnzf3_lFX_M1E5i3vAUg?key=ZTdIQ2Rzc2NSQ3ZLeHM2c1A4SE5JLUllQnhIUm13&#8243; _builder_version=&#8221;4.0.5&#8243; custom_margin=&#8221;||50px||false|false&#8221; filter_saturate=&#8221;0%&#8221; animation_style=&#8221;slide&#8221; filter_saturate__hover_enabled=&#8221;on|desktop&#8221; transform_styles__hover_enabled=&#8221;on|hover&#8221; transform_scale__hover_enabled=&#8221;on|hover&#8221; transform_translate__hover_enabled=&#8221;on|desktop&#8221; transform_rotate__hover_enabled=&#8221;on|desktop&#8221; transform_skew__hover_enabled=&#8221;on|desktop&#8221; transform_origin__hover_enabled=&#8221;on|desktop&#8221; transform_scale__hover=&#8221;105%|105%&#8221; filter_saturate__hover=&#8221;100%&#8221;][\/et_pb_image][et_pb_image src=&#8221;https:\/\/architekt-poznan.com\/wp-content\/uploads\/2024\/09\/zanda-47.jpg&#8221; alt=&#8221;wielorodzinne &#8211; zanda 47&#8243; title_text=&#8221;zanda 47&#8243; url=&#8221;https:\/\/photos.app.goo.gl\/Jtk45GJe86SPFfJ99&#8243; _builder_version=&#8221;4.6.0&#8243; custom_margin=&#8221;||50px||false|false&#8221; filter_saturate=&#8221;0%&#8221; animation_style=&#8221;slide&#8221; locked=&#8221;off&#8221; filter_saturate__hover_enabled=&#8221;on|desktop&#8221; transform_styles__hover_enabled=&#8221;on|hover&#8221; transform_scale__hover_enabled=&#8221;on|hover&#8221; transform_translate__hover_enabled=&#8221;on|desktop&#8221; transform_rotate__hover_enabled=&#8221;on|desktop&#8221; transform_skew__hover_enabled=&#8221;on|desktop&#8221; transform_origin__hover_enabled=&#8221;on|desktop&#8221; transform_scale__hover=&#8221;105%|105%&#8221; filter_saturate__hover=&#8221;100%&#8221;][\/et_pb_image][\/et_pb_column][et_pb_column type=&#8221;1_4&#8243; _builder_version=&#8221;3.25&#8243; custom_padding=&#8221;|||&#8221; custom_padding__hover=&#8221;|||&#8221;][et_pb_image src=&#8221;https:\/\/architekt-poznan.com\/wp-content\/uploads\/2022\/04\/zanda-34.jpg&#8221; alt=&#8221;wielorodzinne &#8211; zanda 34&#8243; title_text=&#8221;zanda 34&#8243; url=&#8221;https:\/\/photos.app.goo.gl\/Y5cqdk8mSUMmuMgw5&#8243; _builder_version=&#8221;4.6.0&#8243; custom_margin=&#8221;||50px||false|false&#8221; filter_saturate=&#8221;0%&#8221; animation_style=&#8221;slide&#8221; filter_saturate__hover_enabled=&#8221;on|desktop&#8221; transform_styles__hover_enabled=&#8221;on|hover&#8221; transform_scale__hover_enabled=&#8221;on|hover&#8221; transform_translate__hover_enabled=&#8221;on|desktop&#8221; transform_rotate__hover_enabled=&#8221;on|desktop&#8221; transform_skew__hover_enabled=&#8221;on|desktop&#8221; transform_origin__hover_enabled=&#8221;on|desktop&#8221; transform_scale__hover=&#8221;105%|105%&#8221; filter_saturate__hover=&#8221;100%&#8221;][\/et_pb_image][et_pb_image src=&#8221;https:\/\/architekt-poznan.com\/wp-content\/uploads\/2020\/12\/zanda-20A-1.jpg&#8221; alt=&#8221;wielorodzinne &#8211; zanda 20A-1&#8243; title_text=&#8221;zanda 20A&#8221; url=&#8221;https:\/\/photos.google.com\/share\/AF1QipPVVIVSSSo8SFBd7mUJE-NvdN-Lmy681S1P-kCGhEN21vQ2i8MqJGZySreQLwswLw?key=TmhIbW8tUk1yX2Y1bnFCb2hwZjVMb0tXTUJBNTB3&#8243; _builder_version=&#8221;4.6.0&#8243; custom_margin=&#8221;||50px||false|false&#8221; filter_saturate=&#8221;0%&#8221; animation_style=&#8221;slide&#8221; locked=&#8221;off&#8221; filter_saturate__hover_enabled=&#8221;on|desktop&#8221; transform_styles__hover_enabled=&#8221;on|hover&#8221; transform_scale__hover_enabled=&#8221;on|hover&#8221; transform_translate__hover_enabled=&#8221;on|desktop&#8221; transform_rotate__hover_enabled=&#8221;on|desktop&#8221; transform_skew__hover_enabled=&#8221;on|desktop&#8221; transform_origin__hover_enabled=&#8221;on|desktop&#8221; transform_scale__hover=&#8221;105%|105%&#8221; filter_saturate__hover=&#8221;100%&#8221;][\/et_pb_image][\/et_pb_column][\/et_pb_row][\/et_pb_section][et_pb_section fb_built=&#8221;1&#8243; admin_label=&#8221;Contact Form Section&#8221; _builder_version=&#8221;4.0.5&#8243; background_color=&#8221;#f2f2f2&#8243; custom_padding=&#8221;110px||110px|&#8221; animation_style=&#8221;zoom&#8221; animation_direction=&#8221;bottom&#8221; animation_intensity_zoom=&#8221;10%&#8221; saved_tabs=&#8221;all&#8221;][\/et_pb_section]<\/p>\n","protected":false},"excerpt":{"rendered":"<p>[et_pb_section fb_built=&#8221;1&#8243; admin_label=&#8221;Other Recent Works Section&#8221; _builder_version=&#8221;4.0.5&#8243; background_color=&#8221;#353740&#8243; background_image=&#8221;http:\/\/strony.home.pl\/zielinski\/wp-content\/uploads\/2020\/03\/architekt-poznan-1-scaled.jpg&#8221; custom_margin=&#8221;|||&#8221; custom_padding=&#8221;8%||2%||false|false&#8221;][et_pb_row column_structure=&#8221;2_3,1_3&#8243; admin_label=&#8221;About Us Area&#8221; _builder_version=&#8221;4.0.5&#8243; background_size=&#8221;initial&#8221; background_position=&#8221;top_left&#8221; background_repeat=&#8221;repeat&#8221; custom_margin=&#8221;||0px||false|false&#8221; custom_padding=&#8221;27px|0px|0px|0px|false|false&#8221;][et_pb_column type=&#8221;2_3&#8243; _builder_version=&#8221;3.25&#8243; custom_padding=&#8221;|||&#8221; custom_padding__hover=&#8221;|||&#8221;][et_pb_text admin_label=&#8221;Title&#8221; _builder_version=&#8221;4.0.5&#8243; text_font=&#8221;Montserrat||||||||&#8221; text_text_color=&#8221;#747d88&#8243; text_font_size=&#8221;17px&#8221; text_line_height=&#8221;1.9em&#8221; header_font=&#8221;||||||||&#8221; header_text_align=&#8221;left&#8221; header_2_font=&#8221;Montserrat|700||on|||||&#8221; header_2_font_size=&#8221;42px&#8221; header_2_line_height=&#8221;1.3em&#8221; background_color=&#8221;#f7f7f7&#8243; background_size=&#8221;initial&#8221; background_position=&#8221;top_left&#8221; background_repeat=&#8221;repeat&#8221; max_width=&#8221;700px&#8221; module_alignment=&#8221;left&#8221; custom_margin=&#8221;|||&#8221; custom_padding=&#8221;10%|10%|10%|10%&#8221; animation_style=&#8221;slide&#8221; animation_direction=&#8221;bottom&#8221; animation_intensity_slide=&#8221;4%&#8221; animation_starting_opacity=&#8221;100%&#8221; box_shadow_style=&#8221;preset1&#8243; box_shadow_vertical=&#8221;15px&#8221; box_shadow_blur=&#8221;45px&#8221; box_shadow_color=&#8221;rgba(0,0,0,0.15)&#8221; locked=&#8221;off&#8221;] Wielorodzinne Propozycja [&hellip;]<\/p>\n","protected":false},"author":1,"featured_media":0,"parent":0,"menu_order":0,"comment_status":"closed","ping_status":"closed","template":"","meta":{"_et_pb_use_builder":"on","_et_pb_old_content":"","_et_gb_content_width":"","footnotes":""},"class_list":["post-111","page","type-page","status-publish","hentry"],"_links":{"self":[{"href":"https:\/\/architekt-poznan.com\/index.php\/wp-json\/wp\/v2\/pages\/111","targetHints":{"allow":["GET"]}}],"collection":[{"href":"https:\/\/architekt-poznan.com\/index.php\/wp-json\/wp\/v2\/pages"}],"about":[{"href":"https:\/\/architekt-poznan.com\/index.php\/wp-json\/wp\/v2\/types\/page"}],"author":[{"embeddable":true,"href":"https:\/\/architekt-poznan.com\/index.php\/wp-json\/wp\/v2\/users\/1"}],"replies":[{"embeddable":true,"href":"https:\/\/architekt-poznan.com\/index.php\/wp-json\/wp\/v2\/comments?post=111"}],"version-history":[{"count":16,"href":"https:\/\/architekt-poznan.com\/index.php\/wp-json\/wp\/v2\/pages\/111\/revisions"}],"predecessor-version":[{"id":1001,"href":"https:\/\/architekt-poznan.com\/index.php\/wp-json\/wp\/v2\/pages\/111\/revisions\/1001"}],"wp:attachment":[{"href":"https:\/\/architekt-poznan.com\/index.php\/wp-json\/wp\/v2\/media?parent=111"}],"curies":[{"name":"wp","href":"https:\/\/api.w.org\/{rel}","templated":true}]}}